{"id":1834,"date":"2024-10-15T13:47:25","date_gmt":"2024-10-15T13:47:25","guid":{"rendered":"https:\/\/djextended.com\/?page_id=1834"},"modified":"2026-04-07T03:16:06","modified_gmt":"2026-04-07T03:16:06","slug":"reportar-infraccion-de-derechos-de-autor","status":"publish","type":"page","link":"https:\/\/djextended.net\/en\/reportar-infraccion-de-derechos-de-autor\/","title":{"rendered":"Report Copyright Infringement"},"content":{"rendered":"\n<div class=\"wp-block-group copyright-stepper-container g-glass is-layout-constrained wp-block-group-is-layout-constrained\">\n<div class=\"stepper-header\">\n    <div class=\"step active\" data-step=\"1\">\n        <span class=\"step-num\">1<\/span>\n        <span class=\"step-label\">Identidad<\/span>\n    <\/div>\n    <div class=\"step-line\"><\/div>\n    <div class=\"step\" data-step=\"2\">\n        <span class=\"step-num\">2<\/span>\n        <span class=\"step-label\">Evidencia<\/span>\n    <\/div>\n    <div class=\"step-line\"><\/div>\n    <div class=\"step\" data-step=\"3\">\n        <span class=\"step-num\">3<\/span>\n        <span class=\"step-label\">Legal<\/span>\n    <\/div>\n<\/div>\n\n<div class=\"stepper-content\">\n    <div class=\"info-tagline\">Prot\u00e9gete y protege tu m\u00fasica. Completa el reporte a continuaci\u00f3n.<\/div>\n\n\n<div class='fluentform ff-default fluentform_wrapper_4 ffs_default_wrap'><form data-form_id=\"4\" id=\"fluentform_4\" class=\"frm-fluent-form fluent_form_4 ff-el-form-top ff_form_instance_4_1 ff-form-loading ffs_default\" data-form_instance=\"ff_form_instance_4_1\" method=\"POST\" ><fieldset  style=\"border: none!important;margin: 0!important;padding: 0!important;background-color: transparent!important;box-shadow: none!important;outline: none!important; min-inline-size: 100%;\">\n                    <legend class=\"ff_screen_reader_title\" style=\"display: block; margin: 0!important;padding: 0!important;height: 0!important;text-indent: -999999px;width: 0!important;overflow:hidden;\">Copyright Infringement Report<\/legend><input type='hidden' name='__fluent_form_embded_post_id' value='1834' \/><input type=\"hidden\" id=\"_fluentform_4_fluentformnonce\" name=\"_fluentform_4_fluentformnonce\" value=\"2eb1ebe458\" \/><input type=\"hidden\" name=\"_wp_http_referer\" value=\"\/en\/wp-json\/wp\/v2\/pages\/1834\" \/><div data-type=\"name-element\" data-name=\"names\" class=\" ff-field_container ff-name-field-wrapper\" ><div class='ff-t-container'><div class='ff-t-cell '><div class='ff-el-group ff-el-form-top'><div class=\"ff-el-input--label asterisk-right\"><label for='ff_4_names_first_name_' id='label_ff_4_names_first_name_' >Nombre<\/label><\/div><div class='ff-el-input--content'><input type=\"text\" name=\"names[first_name]\" id=\"ff_4_names_first_name_\" class=\"ff-el-form-control\" placeholder=\"Introduce tu nombre\" aria-invalid=\"false\" aria-required=false><\/div><\/div><\/div><div class='ff-t-cell '><div class='ff-el-group ff-el-form-top'><div class=\"ff-el-input--label asterisk-right\"><label for='ff_4_names_last_name_' id='label_ff_4_names_last_name_' >Apellidos<\/label><\/div><div class='ff-el-input--content'><input type=\"text\" name=\"names[last_name]\" id=\"ff_4_names_last_name_\" class=\"ff-el-form-control\" placeholder=\"Introduce tus apellidos\" aria-invalid=\"false\" aria-required=false><\/div><\/div><\/div><\/div><\/div><div class='ff-el-group'><div class=\"ff-el-input--label asterisk-right\"><label for='ff_4_email' id='label_ff_4_email' aria-label=\"Correo electr\u00f3nico\">Correo electr\u00f3nico<\/label><\/div><div class='ff-el-input--content'><input type=\"email\" name=\"email\" id=\"ff_4_email\" class=\"ff-el-form-control\" placeholder=\"Email Address\" data-name=\"email\"  aria-invalid=\"false\" aria-required=false><\/div><\/div><div class='ff-el-group'><div class=\"ff-el-input--label asterisk-right\"><label for='ff_4_input_text' id='label_ff_4_input_text' aria-label=\"URL de Infraccion\">URL de Infraccion<\/label><\/div><div class='ff-el-input--content'><input type=\"text\" name=\"input_text\" class=\"ff-el-form-control\" data-name=\"input_text\" id=\"ff_4_input_text\"  aria-invalid=\"false\" aria-required=false><\/div><\/div><div class='ff-el-group'><div class=\"ff-el-input--label asterisk-right\"><label for='ff_4_input_text_1' id='label_ff_4_input_text_1' aria-label=\"URL Original\">URL Original<\/label><\/div><div class='ff-el-input--content'><input type=\"text\" name=\"input_text_1\" class=\"ff-el-form-control\" data-name=\"input_text_1\" id=\"ff_4_input_text_1\"  aria-invalid=\"false\" aria-required=false><\/div><\/div><div class='ff-el-group'><div class=\"ff-el-input--label asterisk-right\"><label for='ff_4_input_text_2' id='label_ff_4_input_text_2' aria-label=\"Firma\">Firma<\/label><\/div><div class='ff-el-input--content'><input type=\"text\" name=\"input_text_2\" class=\"ff-el-form-control\" data-name=\"input_text_2\" id=\"ff_4_input_text_2\"  aria-invalid=\"false\" aria-required=false><\/div><\/div><div class='ff-el-group'><div class=\"ff-el-input--label asterisk-right\"><label   aria-label=\"Declaracion\">Declaracion<\/label><\/div><div class='ff-el-input--content'><div class='ff-el-form-check ff-el-form-check-'><label class='ff-el-form-check-label' for='checkbox_86452e90f477d40b54163facd61f7e8f'><input  type=\"checkbox\" name=\"checkbox[]\" data-name=\"checkbox\" class=\"ff-el-form-check-input ff-el-form-check-checkbox\" value=\"Declaro bajo fe publica que la informacion proporcionada es veridica y que soy el titular de los derechos o estoy autorizado para actuar en su nombre.\"  id='checkbox_86452e90f477d40b54163facd61f7e8f' aria-label='Declaro bajo fe publica que la informacion proporcionada es veridica y que soy el titular de los derechos o estoy autorizado para actuar en su nombre.' aria-invalid='false' aria-required=false> <span>Declaro bajo fe publica que la informacion proporcionada es veridica y que soy el titular de los derechos o estoy autorizado para actuar en su nombre.<\/span><\/label><\/div><\/div><\/div><div class='ff-el-group ff-text-left ff_submit_btn_wrapper'><button type=\"submit\" class=\"ff-btn ff-btn-submit ff-btn-md ff_btn_style\"  aria-label=\"Submit Form\">Submit Form<\/button><\/div><\/fieldset><\/form><div id='fluentform_4_errors' class='ff-errors-in-stack ff_form_instance_4_1 ff-form-loading_errors ff_form_instance_4_1_errors'><\/div><\/div>            <script type=\"text\/javascript\">\n                window.fluent_form_ff_form_instance_4_1 = {\"id\":\"4\",\"settings\":{\"layout\":{\"labelPlacement\":\"top\",\"asteriskPlacement\":\"asterisk-right\",\"helpMessagePlacement\":\"with_label\",\"errorMessagePlacement\":\"inline\",\"cssClassName\":\"\"},\"restrictions\":{\"denyEmptySubmission\":{\"enabled\":false}}},\"form_instance\":\"ff_form_instance_4_1\",\"form_id_selector\":\"fluentform_4\",\"rules\":{\"names[first_name]\":{\"required\":{\"value\":false,\"message\":\"This field is required\",\"global_message\":\"Este campo es obligatorio\",\"global\":true}},\"names[middle_name]\":{\"required\":{\"value\":false,\"message\":\"This field is required\",\"global_message\":\"Este campo es obligatorio\",\"global\":true}},\"names[last_name]\":{\"required\":{\"value\":false,\"message\":\"This field is required\",\"global_message\":\"Este campo es obligatorio\",\"global\":true}},\"email\":{\"required\":{\"value\":false,\"message\":\"This field is required\",\"global_message\":\"Este campo es obligatorio\",\"global\":true},\"email\":{\"value\":true,\"message\":\"This field must contain a valid email\",\"global_message\":\"Este campo debe contener un correo electr\\u00f3nico v\\u00e1lido\",\"global\":true}},\"input_text\":{\"required\":{\"value\":false,\"message\":\"This field is required\",\"global_message\":\"Este campo es obligatorio\",\"global\":true}},\"input_text_1\":{\"required\":{\"value\":false,\"message\":\"This field is required\",\"global_message\":\"Este campo es obligatorio\",\"global\":true}},\"input_text_2\":{\"required\":{\"value\":false,\"message\":\"This field is required\",\"global_message\":\"Este campo es obligatorio\",\"global\":true}},\"checkbox\":{\"required\":{\"value\":false,\"message\":\"This field is required\",\"global_message\":\"Este campo es obligatorio\",\"global\":true}}},\"debounce_time\":300};\n                            <\/script>\n            \n\n\n\n<\/div>\n<style>\n\/* CSS para el Stepper y Glassmorphism *\/\n.copyright-stepper-container {\n    padding: 40px;\n    border-radius: 24px;\n    background: rgba(10, 10, 15, 0.7);\n    backdrop-filter: blur(12px);\n    border: 1px solid rgba(255, 255, 255, 0.1);\n    box-shadow: 0 20px 40px rgba(0,0,0,0.4);\n    margin: 40px auto;\n    max-width: 800px;\n}\n\n.stepper-header {\n    display: flex;\n    justify-content: space-between;\n    align-items: center;\n    margin-bottom: 40px;\n}\n\n.step {\n    display: flex;\n    flex-direction: column;\n    align-items: center;\n    gap: 8px;\n    color: rgba(255,255,255,0.4);\n    transition: 0.3s;\n}\n\n.step.active {\n    color: #0088ff;\n}\n\n.step-num {\n    width: 40px;\n    height: 40px;\n    border: 2px solid currentColor;\n    border-radius: 50%;\n    display: flex;\n    align-items: center;\n    justify-content: center;\n    font-weight: bold;\n    font-size: 1.2rem;\n}\n\n.step-line {\n    flex: 1;\n    height: 2px;\n    background: rgba(255,255,255,0.1);\n    margin: 0 15px;\n    position: relative;\n    top: -15px;\n}\n\n.info-tagline {\n    color: #8899aa;\n    text-align: center;\n    margin-bottom: 30px;\n    font-size: 1.1rem;\n}\n\n\/* Estilos para Fluent Forms *\/\n.fluentform {\n    color: white !important;\n}\n\n.ff-el-form-control input {\n    background: rgba(255,255,255,0.05) !important;\n    border: 1px solid rgba(255,255,255,0.1) !important;\n    color: white !important;\n    border-radius: 12px !important;\n    padding: 12px 18px !important;\n}\n\n.ff-el-form-control input:focus {\n    border-color: #0088ff !important;\n    box-shadow: 0 0 10px rgba(0,136,255,0.3) !important;\n}\n\n.ff-btn-submit {\n    background: linear-gradient(135deg, #0088ff, #0055ff) !important;\n    width: 100% !important;\n    border-radius: 12px !important;\n    padding: 15px !important;\n    font-weight: bold !important;\n    text-transform: uppercase;\n    letter-spacing: 1px;\n    box-shadow: 0 10px 20px rgba(0,85,255,0.3) !important;\n}\n\n.ff-el-tc { margin-top: 20px; }\n.ff-el-tc label { cursor: pointer; display: flex; align-items: start; gap: 10px; color: #aabbcc; font-size: 0.9rem; }\n<\/style>\n<\/div>\n","protected":false},"excerpt":{"rendered":"<p>1 Identidad 2 Evidencia 3 Legal Prot\u00e9gete y protege tu m\u00fasica. Completa el reporte a continuaci\u00f3n.<\/p>","protected":false},"author":1,"featured_media":0,"parent":0,"menu_order":0,"comment_status":"closed","ping_status":"closed","template":"","meta":{"_eb_attr":"","site-sidebar-layout":"default","site-content-layout":"","ast-site-content-layout":"normal-width-container","site-content-style":"default","site-sidebar-style":"default","ast-global-header-display":"","ast-banner-title-visibility":"","ast-main-header-display":"","ast-hfb-above-header-display":"","ast-hfb-below-header-display":"","ast-hfb-mobile-header-display":"","site-post-title":"","ast-breadcrumbs-content":"","ast-featured-img":"","footer-sml-layout":"","ast-disable-related-posts":"","theme-transparent-header-meta":"","adv-header-id-meta":"","stick-header-meta":"","header-above-stick-meta":"","header-main-stick-meta":"","header-below-stick-meta":"","astra-migrate-meta-layouts":"set","ast-page-background-enabled":"default","ast-page-background-meta":{"desktop":{"background-color":"","background-image":"","background-repeat":"repeat","background-position":"center center","background-size":"auto","background-attachment":"scroll","background-type":"","background-media":"","overlay-type":"","overlay-color":"","overlay-opacity":"","overlay-gradient":""},"tablet":{"background-color":"","background-image":"","background-repeat":"repeat","background-position":"center center","background-size":"auto","background-attachment":"scroll","background-type":"","background-media":"","overlay-type":"","overlay-color":"","overlay-opacity":"","overlay-gradient":""},"mobile":{"background-color":"","background-image":"","background-repeat":"repeat","background-position":"center center","background-size":"auto","background-attachment":"scroll","background-type":"","background-media":"","overlay-type":"","overlay-color":"","overlay-opacity":"","overlay-gradient":""}},"ast-content-background-meta":{"desktop":{"background-color":"var(--ast-global-color-5)","background-image":"","background-repeat":"repeat","background-position":"center center","background-size":"auto","background-attachment":"scroll","background-type":"","background-media":"","overlay-type":"","overlay-color":"","overlay-opacity":"","overlay-gradient":""},"tablet":{"background-color":"var(--ast-global-color-5)","background-image":"","background-repeat":"repeat","background-position":"center center","background-size":"auto","background-attachment":"scroll","background-type":"","background-media":"","overlay-type":"","overlay-color":"","overlay-opacity":"","overlay-gradient":""},"mobile":{"background-color":"var(--ast-global-color-5)","background-image":"","background-repeat":"repeat","background-position":"center center","background-size":"auto","background-attachment":"scroll","background-type":"","background-media":"","overlay-type":"","overlay-color":"","overlay-opacity":"","overlay-gradient":""}},"footnotes":""},"class_list":["post-1834","page","type-page","status-publish","hentry"],"_links":{"self":[{"href":"https:\/\/djextended.net\/en\/wp-json\/wp\/v2\/pages\/1834","targetHints":{"allow":["GET"]}}],"collection":[{"href":"https:\/\/djextended.net\/en\/wp-json\/wp\/v2\/pages"}],"about":[{"href":"https:\/\/djextended.net\/en\/wp-json\/wp\/v2\/types\/page"}],"author":[{"embeddable":true,"href":"https:\/\/djextended.net\/en\/wp-json\/wp\/v2\/users\/1"}],"replies":[{"embeddable":true,"href":"https:\/\/djextended.net\/en\/wp-json\/wp\/v2\/comments?post=1834"}],"version-history":[{"count":3,"href":"https:\/\/djextended.net\/en\/wp-json\/wp\/v2\/pages\/1834\/revisions"}],"predecessor-version":[{"id":5604,"href":"https:\/\/djextended.net\/en\/wp-json\/wp\/v2\/pages\/1834\/revisions\/5604"}],"wp:attachment":[{"href":"https:\/\/djextended.net\/en\/wp-json\/wp\/v2\/media?parent=1834"}],"curies":[{"name":"wp","href":"https:\/\/api.w.org\/{rel}","templated":true}]}}